{"id":91462,"date":"2023-09-21T14:04:40","date_gmt":"2023-09-21T12:04:40","guid":{"rendered":"https:\/\/neuroflash.com\/?page_id=91462"},"modified":"2023-10-23T16:28:22","modified_gmt":"2023-10-23T14:28:22","slug":"free-content-generatoren","status":"publish","type":"page","link":"https:\/\/neuroflash.com\/de\/free-content-generatoren\/","title":{"rendered":"Free Content Generatoren"},"content":{"rendered":"\t\t<div data-elementor-type=\"wp-page\" data-elementor-id=\"91462\" class=\"elementor elementor-91462\" data-elementor-post-type=\"page\">\n\t\t\t\t\t\t<section class=\"elementor-section elementor-top-section elementor-element elementor-element-38f0533 elementor-section-content-middle elementor-section-boxed elementor-section-height-default elementor-section-height-default\" data-id=\"38f0533\" data-element_type=\"section\" data-settings=\"{&quot;background_background&quot;:&quot;gradient&quot;}\">\n\t\t\t\t\t\t<div class=\"elementor-container elementor-column-gap-default\">\n\t\t\t\t\t<div class=\"elementor-column elementor-col-100 elementor-top-column elementor-element elementor-element-73aecb4\" data-id=\"73aecb4\" data-element_type=\"column\" data-settings=\"{&quot;background_background&quot;:&quot;gradient&quot;}\">\n\t\t\t<div class=\"elementor-widget-wrap elementor-element-populated\">\n\t\t\t\t\t\t<section class=\"elementor-section elementor-inner-section elementor-element elementor-element-ff360d6 elementor-section-boxed elementor-section-height-default elementor-section-height-default\" data-id=\"ff360d6\" data-element_type=\"section\">\n\t\t\t\t\t\t<div class=\"elementor-container elementor-column-gap-default\">\n\t\t\t\t\t<div class=\"elementor-column elementor-col-100 elementor-inner-column elementor-element elementor-element-d93a8aa\" data-id=\"d93a8aa\" data-element_type=\"column\">\n\t\t\t<div class=\"elementor-widget-wrap elementor-element-populated\">\n\t\t\t\t\t\t<div class=\"elementor-element elementor-element-ab91831 elementor-widget elementor-widget-heading\" data-id=\"ab91831\" data-element_type=\"widget\" data-widget_type=\"heading.default\">\n\t\t\t\t<div class=\"elementor-widget-container\">\n\t\t\t\t\t<h1 class=\"elementor-heading-title elementor-size-default\">Kostenlose KI Content Generatoren<\/h1>\t\t\t\t<\/div>\n\t\t\t\t<\/div>\n\t\t\t\t<div class=\"elementor-element elementor-element-acc3432 elementor-widget elementor-widget-text-editor\" data-id=\"acc3432\" data-element_type=\"widget\" data-widget_type=\"text-editor.default\">\n\t\t\t\t<div class=\"elementor-widget-container\">\n\t\t\t\t\t\t\t\t\t<p>Nutze die kostenlosen KI Text Tools von neuroflash, um blitzschnell neuen Content zu generieren oder bestehenden Content zu verbessern.&nbsp;&nbsp;<\/p>\t\t\t\t\t\t\t\t<\/div>\n\t\t\t\t<\/div>\n\t\t\t\t\t<\/div>\n\t\t<\/div>\n\t\t\t\t\t<\/div>\n\t\t<\/section>\n\t\t\t\t<section class=\"elementor-section elementor-inner-section elementor-element elementor-element-f350eb1 elementor-section-boxed elementor-section-height-default elementor-section-height-default\" data-id=\"f350eb1\" data-element_type=\"section\">\n\t\t\t\t\t\t<div class=\"elementor-container elementor-column-gap-default\">\n\t\t\t\t\t<div class=\"elementor-column elementor-col-100 elementor-inner-column elementor-element elementor-element-0b44a98\" data-id=\"0b44a98\" data-element_type=\"column\">\n\t\t\t<div class=\"elementor-widget-wrap elementor-element-populated\">\n\t\t\t\t\t\t<div class=\"elementor-element elementor-element-9f2540c elementor-widget elementor-widget-image\" data-id=\"9f2540c\" data-element_type=\"widget\" data-widget_type=\"image.default\">\n\t\t\t\t<div class=\"elementor-widget-container\">\n\t\t\t\t\t\t\t\t\t\t\t\t\t\t\t<img fetchpriority=\"high\" decoding=\"async\" width=\"970\" height=\"257\" src=\"https:\/\/neuroflash.com\/wp-content\/uploads\/2023\/10\/batches-fall-2-1-1.png\" class=\"attachment-full size-full wp-image-94934\" alt=\"\" srcset=\"https:\/\/neuroflash.com\/wp-content\/uploads\/2023\/10\/batches-fall-2-1-1.png 970w, https:\/\/neuroflash.com\/wp-content\/uploads\/2023\/10\/batches-fall-2-1-1-300x79.png 300w, https:\/\/neuroflash.com\/wp-content\/uploads\/2023\/10\/batches-fall-2-1-1-768x203.png 768w\" sizes=\"(max-width: 970px) 100vw, 970px\" \/>\t\t\t\t\t\t\t\t\t\t\t\t\t\t\t<\/div>\n\t\t\t\t<\/div>\n\t\t\t\t\t<\/div>\n\t\t<\/div>\n\t\t\t\t\t<\/div>\n\t\t<\/section>\n\t\t\t\t<div class=\"elementor-element elementor-element-b1126a1 elementor-widget elementor-widget-template\" data-id=\"b1126a1\" data-element_type=\"widget\" data-widget_type=\"template.default\">\n\t\t\t\t<div class=\"elementor-widget-container\">\n\t\t\t\t\t\t\t<div class=\"elementor-template\">\n\t\t\t\t\t<div data-elementor-type=\"section\" data-elementor-id=\"11926\" class=\"elementor elementor-11926 elementor-11831 elementor-11831\" data-elementor-post-type=\"elementor_library\">\n\t\t\t\t\t<section class=\"elementor-section elementor-top-section elementor-element elementor-element-2ef4b4e elementor-section-boxed elementor-section-height-default elementor-section-height-default\" data-id=\"2ef4b4e\" data-element_type=\"section\">\n\t\t\t\t\t\t<div class=\"elementor-container elementor-column-gap-default\">\n\t\t\t\t\t<div class=\"elementor-column elementor-col-100 elementor-top-column elementor-element elementor-element-09fca2f\" data-id=\"09fca2f\" data-element_type=\"column\">\n\t\t\t<div class=\"elementor-widget-wrap elementor-element-populated\">\n\t\t\t\t\t\t<div class=\"elementor-element elementor-element-1a36da7 elementor-widget elementor-widget-text-editor\" data-id=\"1a36da7\" data-element_type=\"widget\" data-widget_type=\"text-editor.default\">\n\t\t\t\t<div class=\"elementor-widget-container\">\n\t\t\t\t\t\t\t\t\t<p>150+ f\u00fchrende Marken und \u00fcber 1 Million Content-Profis vertrauen auf neuroflash f\u00fcr Kampagnen, Sales Materialien, Customer Service und mehr:<\/p>\t\t\t\t\t\t\t\t<\/div>\n\t\t\t\t<\/div>\n\t\t\t\t<div class=\"elementor-element elementor-element-744d76c elementor-widget elementor-widget-image\" data-id=\"744d76c\" data-element_type=\"widget\" data-widget_type=\"image.default\">\n\t\t\t\t<div class=\"elementor-widget-container\">\n\t\t\t\t\t\t\t\t\t\t\t\t\t\t\t<img decoding=\"async\" width=\"1024\" height=\"341\" src=\"https:\/\/neuroflash.com\/wp-content\/uploads\/2024\/05\/new-logo-wall-2025-1-1024x341.png\" class=\"attachment-large size-large wp-image-177918\" alt=\"\" srcset=\"https:\/\/neuroflash.com\/wp-content\/uploads\/2024\/05\/new-logo-wall-2025-1-1024x341.png 1024w, https:\/\/neuroflash.com\/wp-content\/uploads\/2024\/05\/new-logo-wall-2025-1-300x100.png 300w, https:\/\/neuroflash.com\/wp-content\/uploads\/2024\/05\/new-logo-wall-2025-1-768x256.png 768w, https:\/\/neuroflash.com\/wp-content\/uploads\/2024\/05\/new-logo-wall-2025-1-1536x512.png 1536w, https:\/\/neuroflash.com\/wp-content\/uploads\/2024\/05\/new-logo-wall-2025-1.png 1972w\" sizes=\"(max-width: 1024px) 100vw, 1024px\" \/>\t\t\t\t\t\t\t\t\t\t\t\t\t\t\t<\/div>\n\t\t\t\t<\/div>\n\t\t\t\t\t<\/div>\n\t\t<\/div>\n\t\t\t\t\t<\/div>\n\t\t<\/section>\n\t\t\t\t<\/div>\n\t\t\t\t<\/div>\n\t\t\t\t\t\t<\/div>\n\t\t\t\t<\/div>\n\t\t\t\t\t<\/div>\n\t\t<\/div>\n\t\t\t\t\t<\/div>\n\t\t<\/section>\n\t\t\t\t<section class=\"elementor-section elementor-top-section elementor-element elementor-element-6204122 elementor-section-boxed elementor-section-height-default elementor-section-height-default\" data-id=\"6204122\" data-element_type=\"section\">\n\t\t\t\t\t\t<div class=\"elementor-container elementor-column-gap-default\">\n\t\t\t\t\t<div class=\"elementor-column elementor-col-50 elementor-top-column elementor-element elementor-element-7a61006\" data-id=\"7a61006\" data-element_type=\"column\">\n\t\t\t<div class=\"elementor-widget-wrap\">\n\t\t\t\t\t\t\t<\/div>\n\t\t<\/div>\n\t\t\t\t<div class=\"elementor-column elementor-col-50 elementor-top-column elementor-element elementor-element-0a56862\" data-id=\"0a56862\" data-element_type=\"column\">\n\t\t\t<div class=\"elementor-widget-wrap\">\n\t\t\t\t\t\t\t<\/div>\n\t\t<\/div>\n\t\t\t\t\t<\/div>\n\t\t<\/section>\n\t\t\t\t<section class=\"elementor-section elementor-top-section elementor-element elementor-element-bf0d12f elementor-section-boxed elementor-section-height-default elementor-section-height-default\" data-id=\"bf0d12f\" data-element_type=\"section\">\n\t\t\t\t\t\t<div class=\"elementor-container elementor-column-gap-default\">\n\t\t\t\t\t<div class=\"elementor-column elementor-col-50 elementor-top-column elementor-element elementor-element-210161f\" data-id=\"210161f\" data-element_type=\"column\">\n\t\t\t<div class=\"elementor-widget-wrap\">\n\t\t\t\t\t\t\t<\/div>\n\t\t<\/div>\n\t\t\t\t<div class=\"elementor-column elementor-col-50 elementor-top-column elementor-element elementor-element-2470bdc\" data-id=\"2470bdc\" data-element_type=\"column\">\n\t\t\t<div class=\"elementor-widget-wrap\">\n\t\t\t\t\t\t\t<\/div>\n\t\t<\/div>\n\t\t\t\t\t<\/div>\n\t\t<\/section>\n\t\t\t\t<section class=\"elementor-section elementor-top-section elementor-element elementor-element-8d05958 elementor-section-boxed elementor-section-height-default elementor-section-height-default\" data-id=\"8d05958\" data-element_type=\"section\">\n\t\t\t\t\t\t<div class=\"elementor-container elementor-column-gap-default\">\n\t\t\t\t\t<div class=\"elementor-column elementor-col-50 elementor-top-column elementor-element elementor-element-04e3fd9\" data-id=\"04e3fd9\" data-element_type=\"column\">\n\t\t\t<div class=\"elementor-widget-wrap\">\n\t\t\t\t\t\t\t<\/div>\n\t\t<\/div>\n\t\t\t\t<div class=\"elementor-column elementor-col-50 elementor-top-column elementor-element elementor-element-a2fa8d4\" data-id=\"a2fa8d4\" data-element_type=\"column\">\n\t\t\t<div class=\"elementor-widget-wrap\">\n\t\t\t\t\t\t\t<\/div>\n\t\t<\/div>\n\t\t\t\t\t<\/div>\n\t\t<\/section>\n\t\t\t\t<section class=\"elementor-section elementor-top-section elementor-element elementor-element-a24457f elementor-section-boxed elementor-section-height-default elementor-section-height-default\" data-id=\"a24457f\" data-element_type=\"section\">\n\t\t\t\t\t\t<div class=\"elementor-container elementor-column-gap-default\">\n\t\t\t\t\t<div class=\"elementor-column elementor-col-50 elementor-top-column elementor-element elementor-element-cb3c031\" data-id=\"cb3c031\" data-element_type=\"column\">\n\t\t\t<div class=\"elementor-widget-wrap\">\n\t\t\t\t\t\t\t<\/div>\n\t\t<\/div>\n\t\t\t\t<div class=\"elementor-column elementor-col-50 elementor-top-column elementor-element elementor-element-ce8edae\" data-id=\"ce8edae\" data-element_type=\"column\">\n\t\t\t<div class=\"elementor-widget-wrap\">\n\t\t\t\t\t\t\t<\/div>\n\t\t<\/div>\n\t\t\t\t\t<\/div>\n\t\t<\/section>\n\t\t\t\t<section class=\"elementor-section elementor-top-section elementor-element elementor-element-86beefb elementor-section-boxed elementor-section-height-default elementor-section-height-default\" data-id=\"86beefb\" data-element_type=\"section\">\n\t\t\t\t\t\t<div class=\"elementor-container elementor-column-gap-default\">\n\t\t\t\t\t<div class=\"elementor-column elementor-col-50 elementor-top-column elementor-element elementor-element-c71a10c\" data-id=\"c71a10c\" data-element_type=\"column\">\n\t\t\t<div class=\"elementor-widget-wrap\">\n\t\t\t\t\t\t\t<\/div>\n\t\t<\/div>\n\t\t\t\t<div class=\"elementor-column elementor-col-50 elementor-top-column elementor-element elementor-element-748c373\" data-id=\"748c373\" data-element_type=\"column\">\n\t\t\t<div class=\"elementor-widget-wrap\">\n\t\t\t\t\t\t\t<\/div>\n\t\t<\/div>\n\t\t\t\t\t<\/div>\n\t\t<\/section>\n\t\t\t\t<section class=\"elementor-section elementor-top-section elementor-element elementor-element-1482468 elementor-section-boxed elementor-section-height-default elementor-section-height-default\" data-id=\"1482468\" data-element_type=\"section\">\n\t\t\t\t\t\t<div class=\"elementor-container elementor-column-gap-default\">\n\t\t\t\t\t<div class=\"elementor-column elementor-col-50 elementor-top-column elementor-element elementor-element-bb7b23c\" data-id=\"bb7b23c\" data-element_type=\"column\">\n\t\t\t<div class=\"elementor-widget-wrap\">\n\t\t\t\t\t\t\t<\/div>\n\t\t<\/div>\n\t\t\t\t<div class=\"elementor-column elementor-col-50 elementor-top-column elementor-element elementor-element-d321055\" data-id=\"d321055\" data-element_type=\"column\">\n\t\t\t<div class=\"elementor-widget-wrap\">\n\t\t\t\t\t\t\t<\/div>\n\t\t<\/div>\n\t\t\t\t\t<\/div>\n\t\t<\/section>\n\t\t\t\t<\/div>\n\t\t","protected":false},"excerpt":{"rendered":"<p>Kostenlose KI Content Generatoren Nutze die kostenlosen KI Text Tools von neuroflash, um blitzschnell neuen Content zu generieren oder bestehenden Content zu verbessern.&nbsp;&nbsp; Blogartikel Generator Erhalte einen komplett optimierten Blogartikel in nur wenigen Klicks mit unserem leistungsstarken Blogartikel Generator. Jetzt starten Social Media Post Generator Lass dich von der schnelllebigen Social Media Welt nicht abh\u00e4ngen. &hellip; <a href=\"https:\/\/neuroflash.com\/de\/free-content-generatoren\/\">Continued<\/a><\/p>\n","protected":false},"author":28,"featured_media":0,"parent":0,"menu_order":0,"comment_status":"closed","ping_status":"closed","template":"elementor_header_footer","meta":{"_acf_changed":false,"content-type":"","footnotes":""},"class_list":["post-91462","page","type-page","status-publish","hentry"],"acf":[],"yoast_head":"<!-- This site is optimized with the Yoast SEO Premium plugin v27.3 (Yoast SEO v27.3) - https:\/\/yoast.com\/product\/yoast-seo-premium-wordpress\/ -->\n<title>Free Content Generatoren - neuroflash<\/title>\n<meta name=\"robots\" content=\"index, follow, max-snippet:-1, max-image-preview:large, max-video-preview:-1\" \/>\n<link rel=\"canonical\" href=\"https:\/\/neuroflash.com\/de\/free-content-generatoren\/\" \/>\n<meta property=\"og:locale\" content=\"de_DE\" \/>\n<meta property=\"og:type\" content=\"article\" \/>\n<meta property=\"og:title\" content=\"Free Content Generatoren\" \/>\n<meta property=\"og:description\" content=\"Kostenlose KI Content Generatoren Nutze die kostenlosen KI Text Tools von neuroflash, um blitzschnell neuen Content zu generieren oder bestehenden Content zu verbessern.&nbsp;&nbsp; Blogartikel Generator Erhalte einen komplett optimierten Blogartikel in nur wenigen Klicks mit unserem leistungsstarken Blogartikel Generator. Jetzt starten Social Media Post Generator Lass dich von der schnelllebigen Social Media Welt nicht abh\u00e4ngen. &hellip; Continued\" \/>\n<meta property=\"og:url\" content=\"https:\/\/neuroflash.com\/de\/free-content-generatoren\/\" \/>\n<meta property=\"og:site_name\" content=\"neuroflash\" \/>\n<meta property=\"article:publisher\" content=\"https:\/\/www.facebook.com\/neuroflashresearch\/\" \/>\n<meta property=\"article:modified_time\" content=\"2023-10-23T14:28:22+00:00\" \/>\n<meta property=\"og:image\" content=\"https:\/\/neuroflash.com\/wp-content\/uploads\/2023\/10\/batches-fall-2-1-1.png\" \/>\n<meta name=\"twitter:card\" content=\"summary_large_image\" \/>\n<meta name=\"twitter:site\" content=\"@neuro_flash\" \/>\n<meta name=\"twitter:label1\" content=\"Gesch\u00e4tzte Lesezeit\" \/>\n\t<meta name=\"twitter:data1\" content=\"1\u00a0Minute\" \/>\n<script type=\"application\/ld+json\" class=\"yoast-schema-graph\">{\"@context\":\"https:\\\/\\\/schema.org\",\"@graph\":[{\"@type\":\"WebPage\",\"@id\":\"https:\\\/\\\/neuroflash.com\\\/de\\\/free-content-generatoren\\\/\",\"url\":\"https:\\\/\\\/neuroflash.com\\\/de\\\/free-content-generatoren\\\/\",\"name\":\"Free Content Generatoren - neuroflash\",\"isPartOf\":{\"@id\":\"https:\\\/\\\/neuroflash.com\\\/de\\\/#website\"},\"primaryImageOfPage\":{\"@id\":\"https:\\\/\\\/neuroflash.com\\\/de\\\/free-content-generatoren\\\/#primaryimage\"},\"image\":{\"@id\":\"https:\\\/\\\/neuroflash.com\\\/de\\\/free-content-generatoren\\\/#primaryimage\"},\"thumbnailUrl\":\"https:\\\/\\\/neuroflash.com\\\/wp-content\\\/uploads\\\/2023\\\/10\\\/batches-fall-2-1-1.png\",\"datePublished\":\"2023-09-21T12:04:40+00:00\",\"dateModified\":\"2023-10-23T14:28:22+00:00\",\"breadcrumb\":{\"@id\":\"https:\\\/\\\/neuroflash.com\\\/de\\\/free-content-generatoren\\\/#breadcrumb\"},\"inLanguage\":\"de\",\"potentialAction\":[{\"@type\":\"ReadAction\",\"target\":[\"https:\\\/\\\/neuroflash.com\\\/de\\\/free-content-generatoren\\\/\"]}]},{\"@type\":\"ImageObject\",\"inLanguage\":\"de\",\"@id\":\"https:\\\/\\\/neuroflash.com\\\/de\\\/free-content-generatoren\\\/#primaryimage\",\"url\":\"https:\\\/\\\/neuroflash.com\\\/wp-content\\\/uploads\\\/2023\\\/10\\\/batches-fall-2-1-1.png\",\"contentUrl\":\"https:\\\/\\\/neuroflash.com\\\/wp-content\\\/uploads\\\/2023\\\/10\\\/batches-fall-2-1-1.png\"},{\"@type\":\"BreadcrumbList\",\"@id\":\"https:\\\/\\\/neuroflash.com\\\/de\\\/free-content-generatoren\\\/#breadcrumb\",\"itemListElement\":[{\"@type\":\"ListItem\",\"position\":1,\"name\":\"Home\",\"item\":\"https:\\\/\\\/neuroflash.com\\\/de\\\/\"},{\"@type\":\"ListItem\",\"position\":2,\"name\":\"Free Content Generatoren\"}]},{\"@type\":\"WebSite\",\"@id\":\"https:\\\/\\\/neuroflash.com\\\/de\\\/#website\",\"url\":\"https:\\\/\\\/neuroflash.com\\\/de\\\/\",\"name\":\"neuroflash\",\"description\":\"confidence to create\",\"publisher\":{\"@id\":\"https:\\\/\\\/neuroflash.com\\\/de\\\/#organization\"},\"potentialAction\":[{\"@type\":\"SearchAction\",\"target\":{\"@type\":\"EntryPoint\",\"urlTemplate\":\"https:\\\/\\\/neuroflash.com\\\/de\\\/?s={search_term_string}\"},\"query-input\":{\"@type\":\"PropertyValueSpecification\",\"valueRequired\":true,\"valueName\":\"search_term_string\"}}],\"inLanguage\":\"de\"},{\"@type\":\"Organization\",\"@id\":\"https:\\\/\\\/neuroflash.com\\\/de\\\/#organization\",\"name\":\"neuroflash\",\"url\":\"https:\\\/\\\/neuroflash.com\\\/de\\\/\",\"logo\":{\"@type\":\"ImageObject\",\"inLanguage\":\"de\",\"@id\":\"https:\\\/\\\/neuroflash.com\\\/de\\\/#\\\/schema\\\/logo\\\/image\\\/\",\"url\":\"https:\\\/\\\/neuroflash.com\\\/wp-content\\\/uploads\\\/2023\\\/10\\\/sticky-logo.png\",\"contentUrl\":\"https:\\\/\\\/neuroflash.com\\\/wp-content\\\/uploads\\\/2023\\\/10\\\/sticky-logo.png\",\"width\":100,\"height\":100,\"caption\":\"neuroflash\"},\"image\":{\"@id\":\"https:\\\/\\\/neuroflash.com\\\/de\\\/#\\\/schema\\\/logo\\\/image\\\/\"},\"sameAs\":[\"https:\\\/\\\/www.facebook.com\\\/neuroflashresearch\\\/\",\"https:\\\/\\\/x.com\\\/neuro_flash\",\"https:\\\/\\\/www.instagram.com\\\/neuro_flash\\\/\",\"https:\\\/\\\/www.linkedin.com\\\/company\\\/neuro-flash\\\/\",\"https:\\\/\\\/www.youtube.com\\\/channel\\\/UCgE0qMleWj6iZcwS79oISMQ\"]}]}<\/script>\n<!-- \/ Yoast SEO Premium plugin. -->","yoast_head_json":{"title":"Free Content Generatoren - neuroflash","robots":{"index":"index","follow":"follow","max-snippet":"max-snippet:-1","max-image-preview":"max-image-preview:large","max-video-preview":"max-video-preview:-1"},"canonical":"https:\/\/neuroflash.com\/de\/free-content-generatoren\/","og_locale":"de_DE","og_type":"article","og_title":"Free Content Generatoren","og_description":"Kostenlose KI Content Generatoren Nutze die kostenlosen KI Text Tools von neuroflash, um blitzschnell neuen Content zu generieren oder bestehenden Content zu verbessern.&nbsp;&nbsp; Blogartikel Generator Erhalte einen komplett optimierten Blogartikel in nur wenigen Klicks mit unserem leistungsstarken Blogartikel Generator. Jetzt starten Social Media Post Generator Lass dich von der schnelllebigen Social Media Welt nicht abh\u00e4ngen. &hellip; Continued","og_url":"https:\/\/neuroflash.com\/de\/free-content-generatoren\/","og_site_name":"neuroflash","article_publisher":"https:\/\/www.facebook.com\/neuroflashresearch\/","article_modified_time":"2023-10-23T14:28:22+00:00","og_image":[{"url":"https:\/\/neuroflash.com\/wp-content\/uploads\/2023\/10\/batches-fall-2-1-1.png","type":"","width":"","height":""}],"twitter_card":"summary_large_image","twitter_site":"@neuro_flash","twitter_misc":{"Gesch\u00e4tzte Lesezeit":"1\u00a0Minute"},"schema":{"@context":"https:\/\/schema.org","@graph":[{"@type":"WebPage","@id":"https:\/\/neuroflash.com\/de\/free-content-generatoren\/","url":"https:\/\/neuroflash.com\/de\/free-content-generatoren\/","name":"Free Content Generatoren - neuroflash","isPartOf":{"@id":"https:\/\/neuroflash.com\/de\/#website"},"primaryImageOfPage":{"@id":"https:\/\/neuroflash.com\/de\/free-content-generatoren\/#primaryimage"},"image":{"@id":"https:\/\/neuroflash.com\/de\/free-content-generatoren\/#primaryimage"},"thumbnailUrl":"https:\/\/neuroflash.com\/wp-content\/uploads\/2023\/10\/batches-fall-2-1-1.png","datePublished":"2023-09-21T12:04:40+00:00","dateModified":"2023-10-23T14:28:22+00:00","breadcrumb":{"@id":"https:\/\/neuroflash.com\/de\/free-content-generatoren\/#breadcrumb"},"inLanguage":"de","potentialAction":[{"@type":"ReadAction","target":["https:\/\/neuroflash.com\/de\/free-content-generatoren\/"]}]},{"@type":"ImageObject","inLanguage":"de","@id":"https:\/\/neuroflash.com\/de\/free-content-generatoren\/#primaryimage","url":"https:\/\/neuroflash.com\/wp-content\/uploads\/2023\/10\/batches-fall-2-1-1.png","contentUrl":"https:\/\/neuroflash.com\/wp-content\/uploads\/2023\/10\/batches-fall-2-1-1.png"},{"@type":"BreadcrumbList","@id":"https:\/\/neuroflash.com\/de\/free-content-generatoren\/#breadcrumb","itemListElement":[{"@type":"ListItem","position":1,"name":"Home","item":"https:\/\/neuroflash.com\/de\/"},{"@type":"ListItem","position":2,"name":"Free Content Generatoren"}]},{"@type":"WebSite","@id":"https:\/\/neuroflash.com\/de\/#website","url":"https:\/\/neuroflash.com\/de\/","name":"neuroflash","description":"confidence to create","publisher":{"@id":"https:\/\/neuroflash.com\/de\/#organization"},"potentialAction":[{"@type":"SearchAction","target":{"@type":"EntryPoint","urlTemplate":"https:\/\/neuroflash.com\/de\/?s={search_term_string}"},"query-input":{"@type":"PropertyValueSpecification","valueRequired":true,"valueName":"search_term_string"}}],"inLanguage":"de"},{"@type":"Organization","@id":"https:\/\/neuroflash.com\/de\/#organization","name":"neuroflash","url":"https:\/\/neuroflash.com\/de\/","logo":{"@type":"ImageObject","inLanguage":"de","@id":"https:\/\/neuroflash.com\/de\/#\/schema\/logo\/image\/","url":"https:\/\/neuroflash.com\/wp-content\/uploads\/2023\/10\/sticky-logo.png","contentUrl":"https:\/\/neuroflash.com\/wp-content\/uploads\/2023\/10\/sticky-logo.png","width":100,"height":100,"caption":"neuroflash"},"image":{"@id":"https:\/\/neuroflash.com\/de\/#\/schema\/logo\/image\/"},"sameAs":["https:\/\/www.facebook.com\/neuroflashresearch\/","https:\/\/x.com\/neuro_flash","https:\/\/www.instagram.com\/neuro_flash\/","https:\/\/www.linkedin.com\/company\/neuro-flash\/","https:\/\/www.youtube.com\/channel\/UCgE0qMleWj6iZcwS79oISMQ"]}]}},"_links":{"self":[{"href":"https:\/\/neuroflash.com\/de\/wp-json\/wp\/v2\/pages\/91462","targetHints":{"allow":["GET"]}}],"collection":[{"href":"https:\/\/neuroflash.com\/de\/wp-json\/wp\/v2\/pages"}],"about":[{"href":"https:\/\/neuroflash.com\/de\/wp-json\/wp\/v2\/types\/page"}],"author":[{"embeddable":true,"href":"https:\/\/neuroflash.com\/de\/wp-json\/wp\/v2\/users\/28"}],"replies":[{"embeddable":true,"href":"https:\/\/neuroflash.com\/de\/wp-json\/wp\/v2\/comments?post=91462"}],"version-history":[{"count":0,"href":"https:\/\/neuroflash.com\/de\/wp-json\/wp\/v2\/pages\/91462\/revisions"}],"wp:attachment":[{"href":"https:\/\/neuroflash.com\/de\/wp-json\/wp\/v2\/media?parent=91462"}],"curies":[{"name":"wp","href":"https:\/\/api.w.org\/{rel}","templated":true}]}}